{"id":1064,"date":"2025-08-15T21:12:24","date_gmt":"2025-08-15T21:12:24","guid":{"rendered":"https:\/\/disj.creativewebconcept.ca\/?page_id=1064"},"modified":"2025-08-28T17:58:59","modified_gmt":"2025-08-28T17:58:59","slug":"formreview","status":"publish","type":"page","link":"https:\/\/disj.creativewebconcept.ca\/en\/formreview\/","title":{"rendered":"FormReview"},"content":{"rendered":"<div data-elementor-type=\"wp-page\" data-elementor-id=\"1064\" class=\"elementor elementor-1064\" data-elementor-post-type=\"page\">\n\t\t\t\t<div data-particle_enable=\"false\" data-particle-mobile-disabled=\"false\" class=\"elementor-element elementor-element-b98dd3c e-flex e-con-boxed csc-shape-default e-con e-parent\" data-id=\"b98dd3c\" data-element_type=\"container\">\n\t\t\t\t\t<div class=\"e-con-inner\">\n\t\t<div data-particle_enable=\"false\" data-particle-mobile-disabled=\"false\" data-dce-background-image-url=\"http:\/\/disj.creativewebconcept.ca\/wp-content\/uploads\/2025\/07\/Fond-scaled.jpg\" class=\"elementor-element elementor-element-ce3e87d e-con-full e-flex csc-shape-default e-con e-child\" data-id=\"ce3e87d\" data-element_type=\"container\" data-settings=\"{&quot;background_background&quot;:&quot;classic&quot;}\">\n\t\t<div data-particle_enable=\"false\" data-particle-mobile-disabled=\"false\" class=\"elementor-element elementor-element-f1e27d0 e-con-full e-flex csc-shape-default e-con e-child\" data-id=\"f1e27d0\" data-element_type=\"container\">\n\t\t<div data-particle_enable=\"false\" data-particle-mobile-disabled=\"false\" class=\"elementor-element elementor-element-583ab4c e-con-full e-flex csc-shape-default e-con e-child\" data-id=\"583ab4c\" data-element_type=\"container\">\n\t\t\t\t<div class=\"elementor-element elementor-element-c444c6d elementor-widget elementor-widget-heading\" data-id=\"c444c6d\" data-element_type=\"widget\" data-widget_type=\"heading.default\">\n\t\t\t\t\t<h2 class=\"elementor-heading-title elementor-size-default\">LAISSEZ-NOUS<br>\nVOS COMMENTAIRES<\/h2>\t\t\t\t<\/div>\n\t\t\t\t<div class=\"elementor-element elementor-element-b079285 elementor-widget elementor-widget-heading\" data-id=\"b079285\" data-element_type=\"widget\" data-widget_type=\"heading.default\">\n\t\t\t\t\t<h2 class=\"elementor-heading-title elementor-size-default\">Faites-nous part de vos id\u00e9es et impressions<\/h2>\t\t\t\t<\/div>\n\t\t\t\t<div class=\"elementor-element elementor-element-417c526 elementor-widget elementor-widget-heading\" data-id=\"417c526\" data-element_type=\"widget\" data-widget_type=\"heading.default\">\n\t\t\t\t\t<h2 class=\"elementor-heading-title elementor-size-default\">Remplissez le formulaire :<\/h2>\t\t\t\t<\/div>\n\t\t\t\t<div class=\"elementor-element elementor-element-56e47b6 elementor-widget elementor-widget-shortcode\" data-id=\"56e47b6\" data-element_type=\"widget\" data-widget_type=\"shortcode.default\">\n\t\t\t\t\t\t\t<div class=\"elementor-shortcode\"><div class=\"glsr glsr-default\" id=\"glsr_222ba555\" data-from=\"shortcode\" data-shortcode=\"site_reviews_form\"><div class=\"glsr-form-wrap\">\n    <form class=\"glsr-review-form glsr-form\" method=\"post\" enctype=\"multipart\/form-data\" action=\"\">\n        <input type=\"hidden\" name=\"site-reviews[_action]\" value=\"submit-review\" \/>\n<input type=\"hidden\" name=\"site-reviews[_nonce]\" value=\"575248d076\" \/>\n<input type=\"hidden\" name=\"site-reviews[_post_id]\" value=\"1064\" \/>\n<input type=\"hidden\" name=\"site-reviews[_referer]\" value=\"\" \/>\n<input type=\"hidden\" name=\"site-reviews[assigned_posts]\" value=\"\" \/>\n<input type=\"hidden\" name=\"site-reviews[assigned_terms]\" value=\"\" \/>\n<input type=\"hidden\" name=\"site-reviews[assigned_users]\" value=\"\" \/>\n<input type=\"hidden\" name=\"site-reviews[excluded]\" value=\"\" \/>\n<input type=\"hidden\" name=\"site-reviews[form_id]\" value=\"glsr_222ba555\" \/>\n<input type=\"hidden\" name=\"site-reviews[terms_exist]\" value=\"1\" \/>\n<input type=\"hidden\" name=\"site-reviews[form_signature]\" value=\"-JV9SNF6g8ldQ6IqtPc56ZX94CUoHDURUkShOXZoJg9sFjuPpTTWooHo_2C0w8r1aSY7DjxzOjheHNdf1I8EHQ-JIoPdbNjEpcB6dEktVZQ9wuvJAoGw--Kd53pRrN1P4pL6l8ujhl2J7YPZ-J5qGFcgE8c3-tKVb-KzWlZ8dsZcJL2HjHvy-dtCU6bLlPSMkpK4vmG8qVnPIKeCqFdJZAAOlyzpCeHVFXyUuh8t_QGgogLHtLIUpYr0dCZnEJMXbuQWry0_2gQ6uBw7n83fpLnTUlr3JUPhBQI0lK-nkXxDnXYY7mNR9wNBhrC7_Uz-mTxXa0uNK7sck0IP6Sl4Fzm8QI6KK_8CG8Du2NmdfD6ameZgnsyse-Kg-LX5EvmTz3Gey9u2gu6M1ly2Fw1RZqI0lfI\" \/>\n<div class=\"glsr-field\" style=\"display:none;\"><label for=\"site-reviews-1de97dd0-glsr_222ba555\">Votre commentaire<\/label><input type=\"text\" class=\"glsr-input glsr-input-text\" id=\"site-reviews-1de97dd0-glsr_222ba555\" name=\"site-reviews[1de97dd0]\" value=\"\" \/><\/div>\n<div class=\"glsr-field glsr-field-rating glsr-required\" data-field=\"rating\">\n    <label class=\"glsr-label\" for=\"glsr_222ba555-rating\">\n    <span>Votre note globale<\/span>\n<\/label>\n    <select class=\"browser-default disable-select no_wrap no-wrap glsr-select\" id=\"glsr_222ba555-rating\" name=\"site-reviews[rating]\" required><option value=\"\">S\u00e9lectionnez une note<\/option><option value=\"5\">5 Stars<\/option><option value=\"4\">4 Stars<\/option><option value=\"3\">3 Stars<\/option><option value=\"2\">2 Stars<\/option><option value=\"1\">1 Star<\/option><\/select>\n     <div class=\"glsr-field-error\"><\/div>\n<\/div>\n<div class=\"glsr-field glsr-field-text glsr-required\" data-field=\"title\">\n    <label class=\"glsr-label\" for=\"glsr_222ba555-title\">\n    <span>Titre de votre commentaire<\/span>\n<\/label>\n    <input type=\"text\" class=\"glsr-input glsr-input-text\" id=\"glsr_222ba555-title\" name=\"site-reviews[title]\" required placeholder=\"R\u00e9sumez votre commentaire ou mettez en avant un d\u00e9tail int\u00e9ressant.\" value=\"\" \/>\n     <div class=\"glsr-field-error\"><\/div>\n<\/div>\n<div class=\"glsr-field glsr-field-textarea glsr-required\" data-field=\"content\">\n    <label class=\"glsr-label\" for=\"glsr_222ba555-content\">\n    <span>Votre commentaire<\/span>\n<\/label>\n    <textarea class=\"glsr-textarea\" id=\"glsr_222ba555-content\" name=\"site-reviews[content]\" required placeholder=\"Partagez votre commentaire avec les autres\" rows=\"5\"><\/textarea>\n     <div class=\"glsr-field-error\"><\/div>\n<\/div>\n<div class=\"glsr-field glsr-field-text glsr-required\" data-field=\"name\">\n    <label class=\"glsr-label\" for=\"glsr_222ba555-name\">\n    <span>Votre nom<\/span>\n<\/label>\n    <input type=\"text\" class=\"glsr-input glsr-input-text\" id=\"glsr_222ba555-name\" name=\"site-reviews[name]\" required placeholder=\"Indiquez votre nom\" value=\"\" \/>\n     <div class=\"glsr-field-error\"><\/div>\n<\/div>\n<div class=\"glsr-field glsr-field-email glsr-required\" data-field=\"email\">\n    <label class=\"glsr-label\" for=\"glsr_222ba555-email\">\n    <span>Votre adresse e-mail<\/span>\n<\/label>\n    <input type=\"email\" class=\"glsr-input glsr-input-email\" id=\"glsr_222ba555-email\" name=\"site-reviews[email]\" required placeholder=\"Indiquez votre adresse e-mail\" value=\"\" \/>\n     <div class=\"glsr-field-error\"><\/div>\n<\/div>\n<div class=\"glsr-field glsr-field-choice glsr-required\" data-field=\"terms\">\n    \n    <span class=\"glsr-field-toggle\">\n    <span class=\"glsr-toggle\">\n        <label for=\"glsr_222ba555-terms-1\">Cet avis est bas\u00e9 sur ma propre exp\u00e9rience et refl\u00e8te mon opinion sinc\u00e8re.<\/label>\n        <span class=\"glsr-toggle-switch\">\n            <input type=\"checkbox\" class=\"glsr-input-toggle\" id=\"glsr_222ba555-terms-1\" name=\"site-reviews[terms]\" required value=\"1\" \/> &#8203; <!-- zero-space character used for alignment -->\n            <span class=\"glsr-toggle-track\"><\/span>\n        <\/span>\n    <\/span>\n<\/span>\n     <div class=\"glsr-field-error\"><\/div>\n<\/div>\n        <div class=\"glsr-form-message\">\n    \n<\/div>\n        <div data-field=\"submit-button\">\n    <div class=\"wp-block-buttons is-layout-flex\">\n        <div class=\"wp-block-button\">\n            <button type=\"submit\" class=\"glsr-button wp-block-button__link wp-element-button\" aria-busy=\"false\" data-loading=\"Submitting, please wait...\">Soumettre mon commentaire<\/button>\n        <\/div>\n    <\/div>\n<\/div>\n    <input type=\"hidden\" name=\"trp-form-language\" value=\"en\"\/><\/form>\n<\/div><\/div><\/div>\n\t\t\t\t\t\t<\/div>\n\t\t\t\t<\/div>\n\t\t\t\t<\/div>\n\t\t\t\t<\/div>\n\t\t\t\t\t<\/div>\n\t\t\t\t<\/div>\n\t\t\t\t<\/div>","protected":false},"excerpt":{"rendered":"<p>LAISSEZ-NOUS VOS COMMENTAIRES Faites-nous part de vos id\u00e9es et impressions Remplissez le formulaire :<\/p>","protected":false},"author":1,"featured_media":0,"parent":0,"menu_order":0,"comment_status":"closed","ping_status":"closed","template":"","meta":{"_glsr_average":0,"_glsr_ranking":0,"_glsr_reviews":0,"footnotes":""},"class_list":["post-1064","page","type-page","status-publish","hentry"],"_links":{"self":[{"href":"https:\/\/disj.creativewebconcept.ca\/en\/wp-json\/wp\/v2\/pages\/1064","targetHints":{"allow":["GET"]}}],"collection":[{"href":"https:\/\/disj.creativewebconcept.ca\/en\/wp-json\/wp\/v2\/pages"}],"about":[{"href":"https:\/\/disj.creativewebconcept.ca\/en\/wp-json\/wp\/v2\/types\/page"}],"author":[{"embeddable":true,"href":"https:\/\/disj.creativewebconcept.ca\/en\/wp-json\/wp\/v2\/users\/1"}],"replies":[{"embeddable":true,"href":"https:\/\/disj.creativewebconcept.ca\/en\/wp-json\/wp\/v2\/comments?post=1064"}],"version-history":[{"count":46,"href":"https:\/\/disj.creativewebconcept.ca\/en\/wp-json\/wp\/v2\/pages\/1064\/revisions"}],"predecessor-version":[{"id":1268,"href":"https:\/\/disj.creativewebconcept.ca\/en\/wp-json\/wp\/v2\/pages\/1064\/revisions\/1268"}],"wp:attachment":[{"href":"https:\/\/disj.creativewebconcept.ca\/en\/wp-json\/wp\/v2\/media?parent=1064"}],"curies":[{"name":"wp","href":"https:\/\/api.w.org\/{rel}","templated":true}]}}